{"id":725,"date":"2026-01-21T10:12:51","date_gmt":"2026-01-21T09:12:51","guid":{"rendered":"https:\/\/stage.jobair.eu\/about-us\/"},"modified":"2026-04-14T08:15:36","modified_gmt":"2026-04-14T06:15:36","slug":"o-spolecnosti","status":"publish","type":"page","link":"https:\/\/stage.jobair.eu\/cs\/o-spolecnosti\/","title":{"rendered":"Des\u00edtky let zku\u0161enost\u00ed. Z\u00e1vazek k dokonalosti."},"content":{"rendered":"","protected":false},"excerpt":{"rendered":"","protected":false},"author":1,"featured_media":0,"parent":0,"menu_order":0,"comment_status":"closed","ping_status":"closed","template":"templates\/about-us.php","meta":{"_acf_changed":false,"footnotes":""},"class_list":["post-725","page","type-page","status-publish","hentry"],"acf":[],"yoast_head":"<!-- This site is optimized with the Yoast SEO plugin v27.4 - https:\/\/yoast.com\/product\/yoast-seo-wordpress\/ -->\r\n<title>Des\u00edtky let zku\u0161enost\u00ed. Z\u00e1vazek k dokonalosti. | JOB AIR Technic<\/title>\r\n<meta name=\"robots\" content=\"index, follow, max-snippet:-1, max-image-preview:large, max-video-preview:-1\" \/>\r\n<link rel=\"canonical\" href=\"https:\/\/stage.jobair.eu\/cs\/o-spolecnosti\/\" \/>\r\n<meta property=\"og:locale\" content=\"cs_CZ\" \/>\r\n<meta property=\"og:type\" content=\"article\" \/>\r\n<meta property=\"og:title\" content=\"Des\u00edtky let zku\u0161enost\u00ed. Z\u00e1vazek k dokonalosti. | JOB AIR Technic\" \/>\r\n<meta property=\"og:url\" content=\"https:\/\/stage.jobair.eu\/cs\/o-spolecnosti\/\" \/>\r\n<meta property=\"og:site_name\" content=\"JOB AIR Technic\" \/>\r\n<meta property=\"article:modified_time\" content=\"2026-04-14T06:15:36+00:00\" \/>\r\n<meta name=\"twitter:card\" content=\"summary_large_image\" \/>\r\n<script type=\"application\/ld+json\" class=\"yoast-schema-graph\">{\"@context\":\"https:\\\/\\\/schema.org\",\"@graph\":[{\"@type\":\"WebPage\",\"@id\":\"https:\\\/\\\/stage.jobair.eu\\\/cs\\\/o-spolecnosti\\\/\",\"url\":\"https:\\\/\\\/stage.jobair.eu\\\/cs\\\/o-spolecnosti\\\/\",\"name\":\"Des\u00edtky let zku\u0161enost\u00ed. Z\u00e1vazek k dokonalosti. | JOB AIR Technic\",\"isPartOf\":{\"@id\":\"https:\\\/\\\/stage.jobair.eu\\\/cs\\\/#website\"},\"datePublished\":\"2026-01-21T09:12:51+00:00\",\"dateModified\":\"2026-04-14T06:15:36+00:00\",\"breadcrumb\":{\"@id\":\"https:\\\/\\\/stage.jobair.eu\\\/cs\\\/o-spolecnosti\\\/#breadcrumb\"},\"inLanguage\":\"cs\",\"potentialAction\":[{\"@type\":\"ReadAction\",\"target\":[\"https:\\\/\\\/stage.jobair.eu\\\/cs\\\/o-spolecnosti\\\/\"]}]},{\"@type\":\"BreadcrumbList\",\"@id\":\"https:\\\/\\\/stage.jobair.eu\\\/cs\\\/o-spolecnosti\\\/#breadcrumb\",\"itemListElement\":[{\"@type\":\"ListItem\",\"position\":1,\"name\":\"Dom\u016f\",\"item\":\"https:\\\/\\\/stage.jobair.eu\\\/cs\\\/\"},{\"@type\":\"ListItem\",\"position\":2,\"name\":\"Des\u00edtky let zku\u0161enost\u00ed. Z\u00e1vazek k dokonalosti.\"}]},{\"@type\":\"WebSite\",\"@id\":\"https:\\\/\\\/stage.jobair.eu\\\/cs\\\/#website\",\"url\":\"https:\\\/\\\/stage.jobair.eu\\\/cs\\\/\",\"name\":\"JOB AIR Technic\",\"description\":\"Aircraft maintenance and repair, training organization, logistics, painting. Your MRO provider.\",\"potentialAction\":[{\"@type\":\"SearchAction\",\"target\":{\"@type\":\"EntryPoint\",\"urlTemplate\":\"https:\\\/\\\/stage.jobair.eu\\\/cs\\\/?s={search_term_string}\"},\"query-input\":{\"@type\":\"PropertyValueSpecification\",\"valueRequired\":true,\"valueName\":\"search_term_string\"}}],\"inLanguage\":\"cs\"}]}<\/script>\r\n<!-- \/ Yoast SEO plugin. -->","yoast_head_json":{"title":"Des\u00edtky let zku\u0161enost\u00ed. Z\u00e1vazek k dokonalosti. | JOB AIR Technic","robots":{"index":"index","follow":"follow","max-snippet":"max-snippet:-1","max-image-preview":"max-image-preview:large","max-video-preview":"max-video-preview:-1"},"canonical":"https:\/\/stage.jobair.eu\/cs\/o-spolecnosti\/","og_locale":"cs_CZ","og_type":"article","og_title":"Des\u00edtky let zku\u0161enost\u00ed. Z\u00e1vazek k dokonalosti. | JOB AIR Technic","og_url":"https:\/\/stage.jobair.eu\/cs\/o-spolecnosti\/","og_site_name":"JOB AIR Technic","article_modified_time":"2026-04-14T06:15:36+00:00","twitter_card":"summary_large_image","schema":{"@context":"https:\/\/schema.org","@graph":[{"@type":"WebPage","@id":"https:\/\/stage.jobair.eu\/cs\/o-spolecnosti\/","url":"https:\/\/stage.jobair.eu\/cs\/o-spolecnosti\/","name":"Des\u00edtky let zku\u0161enost\u00ed. Z\u00e1vazek k dokonalosti. | JOB AIR Technic","isPartOf":{"@id":"https:\/\/stage.jobair.eu\/cs\/#website"},"datePublished":"2026-01-21T09:12:51+00:00","dateModified":"2026-04-14T06:15:36+00:00","breadcrumb":{"@id":"https:\/\/stage.jobair.eu\/cs\/o-spolecnosti\/#breadcrumb"},"inLanguage":"cs","potentialAction":[{"@type":"ReadAction","target":["https:\/\/stage.jobair.eu\/cs\/o-spolecnosti\/"]}]},{"@type":"BreadcrumbList","@id":"https:\/\/stage.jobair.eu\/cs\/o-spolecnosti\/#breadcrumb","itemListElement":[{"@type":"ListItem","position":1,"name":"Dom\u016f","item":"https:\/\/stage.jobair.eu\/cs\/"},{"@type":"ListItem","position":2,"name":"Des\u00edtky let zku\u0161enost\u00ed. Z\u00e1vazek k dokonalosti."}]},{"@type":"WebSite","@id":"https:\/\/stage.jobair.eu\/cs\/#website","url":"https:\/\/stage.jobair.eu\/cs\/","name":"JOB AIR Technic","description":"Aircraft maintenance and repair, training organization, logistics, painting. Your MRO provider.","potentialAction":[{"@type":"SearchAction","target":{"@type":"EntryPoint","urlTemplate":"https:\/\/stage.jobair.eu\/cs\/?s={search_term_string}"},"query-input":{"@type":"PropertyValueSpecification","valueRequired":true,"valueName":"search_term_string"}}],"inLanguage":"cs"}]}},"_links":{"self":[{"href":"https:\/\/stage.jobair.eu\/cs\/wp-json\/wp\/v2\/pages\/725","targetHints":{"allow":["GET"]}}],"collection":[{"href":"https:\/\/stage.jobair.eu\/cs\/wp-json\/wp\/v2\/pages"}],"about":[{"href":"https:\/\/stage.jobair.eu\/cs\/wp-json\/wp\/v2\/types\/page"}],"author":[{"embeddable":true,"href":"https:\/\/stage.jobair.eu\/cs\/wp-json\/wp\/v2\/users\/1"}],"replies":[{"embeddable":true,"href":"https:\/\/stage.jobair.eu\/cs\/wp-json\/wp\/v2\/comments?post=725"}],"version-history":[{"count":16,"href":"https:\/\/stage.jobair.eu\/cs\/wp-json\/wp\/v2\/pages\/725\/revisions"}],"predecessor-version":[{"id":964,"href":"https:\/\/stage.jobair.eu\/cs\/wp-json\/wp\/v2\/pages\/725\/revisions\/964"}],"wp:attachment":[{"href":"https:\/\/stage.jobair.eu\/cs\/wp-json\/wp\/v2\/media?parent=725"}],"curies":[{"name":"wp","href":"https:\/\/api.w.org\/{rel}","templated":true}]}}